

{"id":909,"date":"2023-07-17T10:12:20","date_gmt":"2023-07-17T10:12:20","guid":{"rendered":"https:\/\/silvertree.lt\/?page_id=909"},"modified":"2025-10-03T15:37:25","modified_gmt":"2025-10-03T15:37:25","slug":"privacy-policy","status":"publish","type":"page","link":"https:\/\/silvertree.lt\/en\/privacy-policy\/","title":{"rendered":"Privacy policy"},"content":{"rendered":"\n<p>Privatumo politika (skyrelis)<\/p>\n\n\n\n<p>J\u016bs\u0173 asmenini\u0173 duomen\u0173 saugumas \u2013 m\u016bs\u0173 prioritetas. \u010cia galite su\u017einoti, kokius J\u016bs\u0173 asmeninius duomenis renkame, kai lankot\u0117s Silvertree.lt ir k\u0105 su \u0161ia informacija darome.<\/p>\n\n\n\n<p>Mes gerbiame J\u016bs\u0173 privatum\u0105, tod\u0117l nerenkame joki\u0173 nereikaling\u0173 duomen\u0173, kurie b\u016bt\u0173 skirti bet kam kitam i\u0161skyrus kokybi\u0161kam Silvertree.lt svetain\u0117s nar\u0161ymui ir paslaug\u0173 teikimui.<\/p>\n\n\n\n<p>U\u017etikriname, kad visi J\u016bs\u0173 duomenys tvarkomi ir saugomi pagal Lietuvos Respublikos asmens duomen\u0173 apsaugos \u012fstatyme numatytus reikalavimus bei kitus Lietuvos Respublikoje asmens duomen\u0173 apsaug\u0105 reglamentuojan\u010dius teis\u0117s aktus, taikant reikiamas organizacines ir technines priemones skirtas apsaugoti J\u016bs\u0173 duomenis nuo atsitiktinio ar neteis\u0117to atskleidimo, sunaikinimo, pakeitimo, taip pat nuo neteis\u0117to tvarkymo veiksm\u0173.<\/p>\n\n\n\n<p>Visa informacija yra \u0161ifruojama j\u0105 saugant.<\/p>\n\n\n\n<p>Silvertree.lt kolektyvas supa\u017eindintas su asmens duomen\u0173 apsaugos reikalavimais ir u\u017etikrina nustatyt\u0173 organizacini\u0173 priemoni\u0173 d\u0117l duomen\u0173 tvarkymo laikym\u0105si. Prieig\u0105 prie duomen\u0173 turi tik Silvertree.lt \u012fgalioti asmenys, kurie atsakingi u\u017e Silvertree.lt svetain\u0117s technin\u0119, komercin\u0119 bei turinio redakcin\u0119 prie\u017ei\u016br\u0105.<\/p>\n\n\n\n<p><strong>Privatumo politika<\/strong><\/p>\n\n\n\n<p>Privatumo politikos tikslas \u2013 suteikti fiziniam asmeniui (duomen\u0173 subjektui) informacij\u0105 apie duomen\u0173 apdorojimo tikslus, apimt\u012f ir saugum\u0105, taip pat suteikti kit\u0105 informacij\u0105 susijusi\u0105 su duomen\u0173 apdorojimu.<\/p>\n\n\n\n<p><strong>Asmeniniai duomenys<\/strong><\/p>\n\n\n\n<p>Asmeniniai duomenys, tai yra bet kokia informacija, kuri susijusi su fizinio asmens identifikavimu ir atpa\u017einimu.<\/p>\n\n\n\n<p><strong>Privatumo politikos taikymas<\/strong><\/p>\n\n\n\n<p>MB \u201eKal\u0117din\u0117s Eglut\u0117s\u201c privatumo politika taikoma apdorojant asmeninius duomenis, nepriklausomai nuo to, kokiu b\u016bdu (forma) fizinis asmuo pateikia savo duomenis internetin\u0117je parduotuv\u0117je, elektroniniu pa\u0161tu ir t.t.\u00a0<\/p>\n\n\n\n<p><strong>Pagrindin\u0117 informacija<\/strong><\/p>\n\n\n\n<p>Asmenini\u0173 duomen\u0173 tvarkymo tikslas: preki\u0173, paslaug\u0173 pirkimo sutarties sudarymas, preki\u0173 pristatymas, mok\u0117jim\u0173 administravimas, garantini\u0173 \u012fsipareigojim\u0173 vykdymas.<\/p>\n\n\n\n<p>Kontrolierius: MB \u201eKal\u0117din\u0117s eglut\u0117s\u201c, \u012em. k.: 307004748.<\/p>\n\n\n\n<p>Adresas: Fridricho Gedkanto g. 20, LT-14188 Vilnius<\/p>\n\n\n\n<p>Teisinis pagrindimas: legitimumo interesai MB \u201eKal\u0117din\u0117s Eglut\u0117s\u201c.<\/p>\n\n\n\n<p>Duomen\u0173 perdavimas tre\u010diosioms \u0161alims: nevykdomas.<\/p>\n\n\n\n<p><strong>Asmens duomen\u0173 tvarkymas ir teisinis pagrindimas<\/strong><\/p>\n\n\n\n<p>Asmenini\u0173 duomen\u0173 tvarkymas atliekamas norint realizuoti tikslus, apra\u0161ytus \u0161ioje privatumo politikoje, taip pat ir MB \u201eKal\u0117din\u0117s Eglut\u0117s\u201c (komercin\u0117 veikla) legitimum\u0105. Laikytis normini\u0173 teis\u0117s akt\u0173: gaunant, apdorojant, saugojant ir t.t.\u00a0 asmeninius duomenis fiziniams asmenims, taip pat vykdyti \u017emogaus teises reguliuojan\u010dius norminius aktus.<\/p>\n\n\n\n<p>Duomen\u0173 saugojimo terminas priklauso nuo reglamentuoto laikotarpio norminiame akte arba laikotarpio, suderinto sutartyje, arba reglamentuoto MB \u201eKal\u0117din\u0117s Eglut\u0117s\u201c. Asmeniniai duomenys saugomi ne ilgiau, nei tai reikalinga \u012fgyvendinti norminiame akte numatytus reikalavimus, laikantis legitimi\u0173 MB \u201eKal\u0117din\u0117s Eglut\u0117s\u201c interes\u0173.<\/p>\n\n\n\n<p>\u012esigaliojus s\u0105lygoms, kad asmenini\u0173 duomen\u0173 saugoti nebereikia, asmeniniai duomenys yra panaikinami.<\/p>\n\n\n\n<p>Norint u\u017etikrinti asmens duomen\u0173 saugum\u0105, naudojamos specializuotos ir saugios programos: antivirusin\u0117s programos (\u201eu\u017ekardos\u201c) ir kiti techniniai sprendimai.<\/p>\n\n\n\n<p><strong>Asmenini\u0173 duomen\u0173 saugojimas<\/strong><\/p>\n\n\n\n<p>Asmeniniai duomenys neperduodami tre\u010diosioms \u0161alims (\u0161alys, kurios ne\u012feina \u012f ES ir\/arba EEZ).<\/p>\n\n\n\n<p>Asmeniniai duomenys gali b\u016bti perduoti MB \u201eKal\u0117din\u0117s Eglut\u0117s\u201c partneriams, organizacijoms, suteikian\u010dioms paslaugas (operatoriai) ir \u012fgaliotiems juridiniams, ir fiziniams asmenims (teisininkams). Asmens duomen\u0173 perdavimas vyksta saugiai, naudojant apsaugotas programas ir technologijas. Asmeniniai duomenys perduodami tik tokia apimtimi, kuri reikalinga \u012fgyvendinti teisinius ir legitiminius MB \u201eKal\u0117d\u0173 Eglut\u0117s\u201c interesus.<\/p>\n\n\n\n<p><strong>Komercini\u0173 pasi\u016blym\u0173 ir reklamin\u0117s med\u017eiagos siuntimas<\/strong><\/p>\n\n\n\n<p>Komerciniai pasi\u016blymai siun\u010diami tiems adresatams \/ fiziniams asmenims, kurie sutiko gauti komercinius pasi\u016blymus (reklamin\u0119 med\u017eiag\u0105) i\u0161 MB \u201eKal\u0117din\u0117s Eglut\u0117s\u201c. Informacija, kaip atsisakyti reklamin\u0117s med\u017eiagos nurodyta el. lai\u0161ke. Taip pat reklamin\u0117s med\u017eiagos galima atsisakyti para\u0161ius el. pa\u0161tu info@silvertree.lt<\/p>\n\n\n\n<p><strong>Asmens duomen\u0173 apsauga<\/strong><\/p>\n\n\n\n<p>Asmens duomen\u0173 apsauga \u012fgyvendinama remiantis aktualiausiais norminiais aktais (reglamentai, \u012fstatymai, taisykl\u0117s).<\/p>\n\n\n\n<p><strong>Pri\u0117jimas prie asmenini\u0173 asmens duomen\u0173<\/strong><\/p>\n\n\n\n<p>Fizinis asmuo gali gauti pri\u0117jim\u0105 prie savo asmenini\u0173 duomen\u0173, ra\u0161ytinio pra\u0161ymo pagrindu, laikantis asmens duomenis reguliuojan\u010di\u0173 normini\u0173 akt\u0173, taip pat normini\u0173 akt\u0173, reguliuojan\u010di\u0173 parai\u0161k\u0173 pri\u0117mim\u0105 ir nagrin\u0117jim\u0105, i\u0161siun\u010diant pra\u0161ym\u0105 el. pa\u0161tu: info@silvertree.lt.<\/p>\n\n\n\n<p>Pateikiant pra\u0161ym\u0105, fizinis asmuo privalo save identifikuoti, tam, kad MB \u201eKal\u0117din\u0117s Eglut\u0117s\u201c gal\u0117t\u0173 \u012fsitikinti, kad asmuo pra\u0161o b\u016btent savo duomen\u0173. Tik tokiu atveju MB \u201eKal\u0117din\u0117s Eglut\u0117s\u201c suteiks asmeniui visus turimus duomenis ir kit\u0105 teis\u0117s akt\u0173 nustatyt\u0105 informacij\u0105.<\/p>\n\n\n\n<p><strong>Teis\u0117 atsisakyti sutikimo<\/strong><\/p>\n\n\n\n<p>Fizinis asmuo turi teis\u0119 at\u0161aukti duot\u0105 sutikim\u0105 asmens duomen\u0173 tvarkymui. At\u0161aukimas pateikiamas tais pa\u010diais b\u016bdais, kaip ir sutikimas tvarkyti asmens duomenis.<\/p>\n\n\n\n<p>Fizinis asmuo gali atsi\u0173sti savo atsisakym\u0105 d\u0117l asmens duomen\u0173 tvarkymo, el. Pa\u0161tu: info@silvertree.lt<\/p>\n\n\n\n<p>Atsisakymas neturi \u012ftakos asmens duomen\u0173 tvarkymui, kuris buvo pateiktas prie\u0161 atsisakym\u0105. Taip pat atsisakymas neturi \u012ftakos ir nesustabdo asmens duomen\u0173 tvarkymo, kuris buvo pateiktas prie\u0161 atsisakym\u0105 pagal ir\/arba remiantis teis\u0117s akt\u0173 reikalavimais (reglamentas, \u012fstatymai, taisykl\u0117s).&nbsp;<\/p>\n\n\n\n<p><strong>Baigiamosios nuostatos<\/strong><\/p>\n\n\n\n<p>MB \u201eKal\u0117din\u0117s Eglut\u0117s\u201c turi teis\u0119 keisti privatumo politikos s\u0105lygas ir j\u0105 atnaujinti. Apie svarbius pakeitimus mes prane\u0161ime Svetain\u0117je ar kitais \u012fprastais b\u016bdais. Mums pakeitus Privatumo Politik\u0105, jos papildymai ar pakeitimai \u012fsigalioja nuo j\u0173 paskelbimo dienos, t. y. nuo tos dienos, kai jie yra patalpinami Svetain\u0117je arba apie juos yra informuota kitais \u012fprastais b\u016bdais, nebent b\u016bt\u0173 nurodytas kitas \u012fsigaliojimo terminas.<\/p>\n\n\n\n<p>\u0160io skyriaus antra\u0161t\u0117s tur\u0117t\u0173 b\u016bti interpretuojamos tik kaip palengvinan\u010dios informacijos pateikimas.<\/p>\n\n\n\n<p>Duomen\u0173 subjektas (fizinis asmuo), manantis, kad buvo pa\u017eeistos jo teis\u0117s d\u0117l asmens duomen\u0173 tvarkymo, turi teis\u0119 kreiptis \u012f MB \u201eKal\u0117din\u0117s Eglut\u0117s\u201c arba \u012f Valstybin\u0119 duomen\u0173 apsaugos inspekcij\u0105.<\/p>\n\n\n\n<p><strong>SLAPUKAI (skyrelis)<\/strong><\/p>\n\n\n\n<p>www.silvertree.lt tinklapis naudoja slapukus (angl. cookies)<\/p>\n\n\n\n<p><strong>Kas yra slapukai (angl. cookies)?<\/strong><\/p>\n\n\n\n<p>Slapukai &#8211; tai ma\u017eos apimties tekstiniai failai, kurie \u012fkeliami \u012f J\u016bs\u0173 kompiuter\u012f ar mobil\u0173j\u012f telefon\u0105, kai apsilankote svetain\u0117je. Po kiekvieno v\u0117lesnio apsilankymo \u0161ie failai gr\u0105\u017einami \u012f svetain\u0119, kuri juos atpa\u017e\u012fsta.<\/p>\n\n\n\n<p>Slapukai veikia kaip konkretaus pagrindinio puslapio atmintis. Kai lankot\u0117s svetain\u0117je dar kart\u0105, ji leid\u017eia atpa\u017einti Jus ir atnaujina J\u016bs\u0173 nustatymus, taip padarydama nar\u0161ym\u0105 svetain\u0117je patogesn\u012f vartotojui. Daugiau informacijos apie slapuk\u0173 failus, kaip valdyti juos ir pa\u0161alinti, surasite tinklapyje \u2013<a href=\"https:\/\/www.aboutcookies.org\/\"> www.aboutcookies.org<\/a>.<\/p>\n\n\n\n<p><strong>Kaip mes naudojame slapukus?<\/strong><\/p>\n\n\n\n<p>Tinklapis naudoja slapukus tam, kad prisimint\u0173:<\/p>\n\n\n\n<ul class=\"wp-block-list\">\n<li>ar vartotojas buvo informuotas apie slapuk\u0173 fail\u0173 naudojim\u0105;<\/li>\n\n\n\n<li>kada \u012fvyko paskutinis veiksmas svetain\u0117je;<\/li>\n\n\n\n<li>informacij\u0105 \u012fvest\u0105 \u012f paie\u0161kos laukel\u012f.<\/li>\n<\/ul>\n\n\n\n<p><strong>Google Analytics<\/strong><\/p>\n\n\n\n<p>Tinklapyje yra \u201eGoogle Analytics\u201c programos slapukai, sukurti \u201eGoogle Inc\u201c. Jie naudojami siekiant pagerinti turinio kokyb\u0119 ir prisitaikym\u0105&nbsp; prie vartotojo poreiki\u0173. Detalesn\u0119 informacij\u0105 apie \u201eGoogle Analytics\u201c s\u0105lygas galima rasti <a href=\"https:\/\/marketingplatform.google.com\/about\/analytics\/terms\/us\/\">http:\/\/www.google.com\/analytics\/terms\/us.html<\/a> tinklapyje.<\/p>\n\n\n\n<p><strong>Kaip i\u0161jungti slapukus?<\/strong><\/p>\n\n\n\n<p>Jus galite slapukus i\u0161jungti arba pa\u0161alinti. Detalesn\u0119 informacij\u0105, kaip tai padaryti, J\u016bs galite surasti: aboutcookies.org. Galite i\u0161trinti visus slapuk\u0173 failus arba kompiuteryje esan\u010di\u0105 nar\u0161ykl\u0119 nustatyti taip, kad neb\u016bt\u0173 i\u0161saugojami slapuk\u0173 failai. Tokiu atveju Jums kiekvien\u0105 kart\u0105 reik\u0117s rankiniu b\u016bdu pakoreguoti tinklapio nustatymus, taip pat kai kurios paslaugos ar puslapio funkcijos gali neveikti.<\/p>\n","protected":false},"excerpt":{"rendered":"<p>Privatumo politika (skyrelis) J\u016bs\u0173 asmenini\u0173 duomen\u0173 saugumas \u2013 m\u016bs\u0173 prioritetas. \u010cia galite su\u017einoti, kokius J\u016bs\u0173 asmeninius duomenis renkame, kai lankot\u0117s Silvertree.lt ir k\u0105 su \u0161ia informacija darome. Mes gerbiame J\u016bs\u0173 privatum\u0105, tod\u0117l nerenkame joki\u0173 nereikaling\u0173 duomen\u0173, kurie b\u016bt\u0173 skirti bet kam kitam i\u0161skyrus kokybi\u0161kam Silvertree.lt svetain\u0117s nar\u0161ymui ir paslaug\u0173 teikimui. U\u017etikriname, kad visi J\u016bs\u0173 duomenys [&hellip;]<\/p>\n","protected":false},"author":1,"featured_media":0,"parent":0,"menu_order":0,"comment_status":"closed","ping_status":"open","template":"page-simple.php","meta":{"_acf_changed":false,"inline_featured_image":false,"footnotes":""},"class_list":["post-909","page","type-page","status-publish","hentry"],"acf":[],"yoast_head":"<!-- This site is optimized with the Yoast SEO plugin v26.1.1 - https:\/\/yoast.com\/wordpress\/plugins\/seo\/ -->\n<title>Privacy policy<\/title>\n<meta name=\"robots\" content=\"noindex, nofollow\" \/>\n<meta property=\"og:locale\" content=\"en_US\" \/>\n<meta property=\"og:type\" content=\"article\" \/>\n<meta property=\"og:title\" content=\"Privacy policy\" \/>\n<meta property=\"og:description\" content=\"Privatumo politika (skyrelis) J\u016bs\u0173 asmenini\u0173 duomen\u0173 saugumas \u2013 m\u016bs\u0173 prioritetas. \u010cia galite su\u017einoti, kokius J\u016bs\u0173 asmeninius duomenis renkame, kai lankot\u0117s Silvertree.lt ir k\u0105 su \u0161ia informacija darome. Mes gerbiame J\u016bs\u0173 privatum\u0105, tod\u0117l nerenkame joki\u0173 nereikaling\u0173 duomen\u0173, kurie b\u016bt\u0173 skirti bet kam kitam i\u0161skyrus kokybi\u0161kam Silvertree.lt svetain\u0117s nar\u0161ymui ir paslaug\u0173 teikimui. U\u017etikriname, kad visi J\u016bs\u0173 duomenys [&hellip;]\" \/>\n<meta property=\"og:url\" content=\"https:\/\/silvertree.lt\/en\/privacy-policy\/\" \/>\n<meta property=\"og:site_name\" content=\"Gyvos Kal\u0117din\u0117s eglut\u0117s internetu | Pristatymas \u012f namus | Kaina, akcija - Silvertree.lt\" \/>\n<meta property=\"article:modified_time\" content=\"2025-10-03T15:37:25+00:00\" \/>\n<meta name=\"twitter:card\" content=\"summary_large_image\" \/>\n<meta name=\"twitter:label1\" content=\"Est. reading time\" \/>\n\t<meta name=\"twitter:data1\" content=\"6 minutes\" \/>\n<script type=\"application\/ld+json\" class=\"yoast-schema-graph\">{\"@context\":\"https:\/\/schema.org\",\"@graph\":[{\"@type\":\"WebPage\",\"@id\":\"https:\/\/silvertree.lt\/en\/privacy-policy\/\",\"url\":\"https:\/\/silvertree.lt\/en\/privacy-policy\/\",\"name\":\"Privacy policy\",\"isPartOf\":{\"@id\":\"https:\/\/silvertree.lt\/#website\"},\"datePublished\":\"2023-07-17T10:12:20+00:00\",\"dateModified\":\"2025-10-03T15:37:25+00:00\",\"breadcrumb\":{\"@id\":\"https:\/\/silvertree.lt\/en\/privacy-policy\/#breadcrumb\"},\"inLanguage\":\"en-US\",\"potentialAction\":[{\"@type\":\"ReadAction\",\"target\":[\"https:\/\/silvertree.lt\/en\/privacy-policy\/\"]}]},{\"@type\":\"BreadcrumbList\",\"@id\":\"https:\/\/silvertree.lt\/en\/privacy-policy\/#breadcrumb\",\"itemListElement\":[{\"@type\":\"ListItem\",\"position\":1,\"name\":\"Home\",\"item\":\"https:\/\/silvertree.lt\/en\/silvertree\/\"},{\"@type\":\"ListItem\",\"position\":2,\"name\":\"Privacy policy\"}]},{\"@type\":\"WebSite\",\"@id\":\"https:\/\/silvertree.lt\/#website\",\"url\":\"https:\/\/silvertree.lt\/\",\"name\":\"Gyvos Kal\u0117din\u0117s eglut\u0117s internetu | Pristatymas \u012f namus | Kaina, akcija - Silvertree.lt\",\"description\":\"Jaukiausioms 2023m. \u0161vent\u0117ms si\u016blome \u012fsigyti Premium kokyb\u0117s K\u0117n\u012f\u2611\ufe0farba gyv\u0105 lietuvi\u0161k\u0105 eglut\u0119\u2611\ufe0finternetu i\u0161\u23e9Silvertree.lt. Pristatysime ir i\u0161ve\u0161ime NEMOKAMAI pas mus pirktas eglutes. Mes parduodame tik tikras Kal\u0117dines egles u\u017eaugintas ir nukirstas \u016bkiuose!\",\"potentialAction\":[{\"@type\":\"SearchAction\",\"target\":{\"@type\":\"EntryPoint\",\"urlTemplate\":\"https:\/\/silvertree.lt\/?s={search_term_string}\"},\"query-input\":{\"@type\":\"PropertyValueSpecification\",\"valueRequired\":true,\"valueName\":\"search_term_string\"}}],\"inLanguage\":\"en-US\"}]}<\/script>\n<!-- \/ Yoast SEO plugin. -->","yoast_head_json":{"title":"Privacy policy","robots":{"index":"noindex","follow":"nofollow"},"og_locale":"en_US","og_type":"article","og_title":"Privacy policy","og_description":"Privatumo politika (skyrelis) J\u016bs\u0173 asmenini\u0173 duomen\u0173 saugumas \u2013 m\u016bs\u0173 prioritetas. \u010cia galite su\u017einoti, kokius J\u016bs\u0173 asmeninius duomenis renkame, kai lankot\u0117s Silvertree.lt ir k\u0105 su \u0161ia informacija darome. Mes gerbiame J\u016bs\u0173 privatum\u0105, tod\u0117l nerenkame joki\u0173 nereikaling\u0173 duomen\u0173, kurie b\u016bt\u0173 skirti bet kam kitam i\u0161skyrus kokybi\u0161kam Silvertree.lt svetain\u0117s nar\u0161ymui ir paslaug\u0173 teikimui. U\u017etikriname, kad visi J\u016bs\u0173 duomenys [&hellip;]","og_url":"https:\/\/silvertree.lt\/en\/privacy-policy\/","og_site_name":"Gyvos Kal\u0117din\u0117s eglut\u0117s internetu | Pristatymas \u012f namus | Kaina, akcija - Silvertree.lt","article_modified_time":"2025-10-03T15:37:25+00:00","twitter_card":"summary_large_image","twitter_misc":{"Est. reading time":"6 minutes"},"schema":{"@context":"https:\/\/schema.org","@graph":[{"@type":"WebPage","@id":"https:\/\/silvertree.lt\/en\/privacy-policy\/","url":"https:\/\/silvertree.lt\/en\/privacy-policy\/","name":"Privacy policy","isPartOf":{"@id":"https:\/\/silvertree.lt\/#website"},"datePublished":"2023-07-17T10:12:20+00:00","dateModified":"2025-10-03T15:37:25+00:00","breadcrumb":{"@id":"https:\/\/silvertree.lt\/en\/privacy-policy\/#breadcrumb"},"inLanguage":"en-US","potentialAction":[{"@type":"ReadAction","target":["https:\/\/silvertree.lt\/en\/privacy-policy\/"]}]},{"@type":"BreadcrumbList","@id":"https:\/\/silvertree.lt\/en\/privacy-policy\/#breadcrumb","itemListElement":[{"@type":"ListItem","position":1,"name":"Home","item":"https:\/\/silvertree.lt\/en\/silvertree\/"},{"@type":"ListItem","position":2,"name":"Privacy policy"}]},{"@type":"WebSite","@id":"https:\/\/silvertree.lt\/#website","url":"https:\/\/silvertree.lt\/","name":"Gyvos Kal\u0117din\u0117s eglut\u0117s internetu | Pristatymas \u012f namus | Kaina, akcija - Silvertree.lt","description":"Jaukiausioms 2023m. \u0161vent\u0117ms si\u016blome \u012fsigyti Premium kokyb\u0117s K\u0117n\u012f\u2611\ufe0farba gyv\u0105 lietuvi\u0161k\u0105 eglut\u0119\u2611\ufe0finternetu i\u0161\u23e9Silvertree.lt. Pristatysime ir i\u0161ve\u0161ime NEMOKAMAI pas mus pirktas eglutes. Mes parduodame tik tikras Kal\u0117dines egles u\u017eaugintas ir nukirstas \u016bkiuose!","potentialAction":[{"@type":"SearchAction","target":{"@type":"EntryPoint","urlTemplate":"https:\/\/silvertree.lt\/?s={search_term_string}"},"query-input":{"@type":"PropertyValueSpecification","valueRequired":true,"valueName":"search_term_string"}}],"inLanguage":"en-US"}]}},"_links":{"self":[{"href":"https:\/\/silvertree.lt\/en\/wp-json\/wp\/v2\/pages\/909","targetHints":{"allow":["GET"]}}],"collection":[{"href":"https:\/\/silvertree.lt\/en\/wp-json\/wp\/v2\/pages"}],"about":[{"href":"https:\/\/silvertree.lt\/en\/wp-json\/wp\/v2\/types\/page"}],"author":[{"embeddable":true,"href":"https:\/\/silvertree.lt\/en\/wp-json\/wp\/v2\/users\/1"}],"replies":[{"embeddable":true,"href":"https:\/\/silvertree.lt\/en\/wp-json\/wp\/v2\/comments?post=909"}],"version-history":[{"count":5,"href":"https:\/\/silvertree.lt\/en\/wp-json\/wp\/v2\/pages\/909\/revisions"}],"predecessor-version":[{"id":14492,"href":"https:\/\/silvertree.lt\/en\/wp-json\/wp\/v2\/pages\/909\/revisions\/14492"}],"wp:attachment":[{"href":"https:\/\/silvertree.lt\/en\/wp-json\/wp\/v2\/media?parent=909"}],"curies":[{"name":"wp","href":"https:\/\/api.w.org\/{rel}","templated":true}]}}