

{"id":1253,"date":"2023-08-09T12:07:50","date_gmt":"2023-08-09T12:07:50","guid":{"rendered":"https:\/\/silvertree.lt\/?post_type=product&#038;p=1253"},"modified":"2025-10-12T13:36:37","modified_gmt":"2025-10-12T13:36:37","slug":"premium-nordman-fir","status":"publish","type":"product","link":"https:\/\/silvertree.lt\/en\/produktas\/premium-nordman-fir\/","title":{"rendered":"Premium Nordman Fir"},"content":{"rendered":"<p>One of the most beloved choices for European and Lithuanian families during the Christmas season. This tree, due to its impeccable genetics, can deceive you at first glance! With perfect shape, regular and dense branches, large, soft, lush, and rich green needles, it can create the impression of an artificial tree. It is precisely because of such needles that the spruce is very child-friendly and even the most curious of your pets.<\/p>\n<p>Danish spruce stays fresh for a longer period than other trees and typically does not shed needles when brought indoors, making it an excellent addition to your home or office throughout the holiday season.<\/p>\n<p>Danish spruce can be a perfect choice for those who are allergic to the strong scent of traditional Christmas trees, as the scent of this spruce is barely noticeable indoors.<\/p>\n","protected":false},"excerpt":{"rendered":"<p><b>Danish\u00a0<\/b>or<b>\u00a0Caucasian fir\u00a0<\/b>(Latin: Abies nordmanniana)<\/p>\n","protected":false},"featured_media":1256,"template":"","meta":{"_acf_changed":false,"inline_featured_image":false},"product_brand":[],"product_cat":[71,76],"product_tag":[],"class_list":{"0":"post-1253","1":"product","2":"type-product","3":"status-publish","4":"has-post-thumbnail","6":"product_cat-eglut-en","7":"product_cat-mostpopular-en","9":"first","10":"instock","11":"taxable","12":"shipping-taxable","13":"purchasable","14":"product-type-simple"},"acf":[],"yoast_head":"<!-- This site is optimized with the Yoast SEO plugin v26.1.1 - https:\/\/yoast.com\/wordpress\/plugins\/seo\/ -->\n<title>Premium Nordman Fir 160-180cm - Silvertree<\/title>\n<meta name=\"robots\" content=\"noindex, follow\" \/>\n<meta property=\"og:locale\" content=\"en_US\" \/>\n<meta property=\"og:type\" content=\"article\" \/>\n<meta property=\"og:title\" content=\"Premium Nordman Fir 160-180cm - Silvertree\" \/>\n<meta property=\"og:description\" content=\"Danish\u00a0or\u00a0Caucasian fir\u00a0(Latin: Abies nordmanniana)\" \/>\n<meta property=\"og:url\" content=\"https:\/\/silvertree.lt\/en\/produktas\/premium-nordman-fir\/\" \/>\n<meta property=\"og:site_name\" content=\"Gyvos Kal\u0117din\u0117s eglut\u0117s internetu | Pristatymas \u012f namus | Kaina, akcija - Silvertree.lt\" \/>\n<meta property=\"article:modified_time\" content=\"2025-10-12T13:36:37+00:00\" \/>\n<meta property=\"og:image\" content=\"https:\/\/silvertree.lt\/wp-content\/uploads\/2023\/08\/160fir.png\" \/>\n\t<meta property=\"og:image:width\" content=\"829\" \/>\n\t<meta property=\"og:image:height\" content=\"1000\" \/>\n\t<meta property=\"og:image:type\" content=\"image\/png\" \/>\n<meta name=\"twitter:card\" content=\"summary_large_image\" \/>\n<meta name=\"twitter:label1\" content=\"Est. reading time\" \/>\n\t<meta name=\"twitter:data1\" content=\"1 minute\" \/>\n<script type=\"application\/ld+json\" class=\"yoast-schema-graph\">{\"@context\":\"https:\/\/schema.org\",\"@graph\":[{\"@type\":\"WebPage\",\"@id\":\"https:\/\/silvertree.lt\/en\/produktas\/premium-nordman-fir\/\",\"url\":\"https:\/\/silvertree.lt\/en\/produktas\/premium-nordman-fir\/\",\"name\":\"Premium Nordman Fir 160-180cm - Silvertree\",\"isPartOf\":{\"@id\":\"https:\/\/silvertree.lt\/#website\"},\"primaryImageOfPage\":{\"@id\":\"https:\/\/silvertree.lt\/en\/produktas\/premium-nordman-fir\/#primaryimage\"},\"image\":{\"@id\":\"https:\/\/silvertree.lt\/en\/produktas\/premium-nordman-fir\/#primaryimage\"},\"thumbnailUrl\":\"https:\/\/silvertree.lt\/wp-content\/uploads\/2023\/08\/160fir.png\",\"datePublished\":\"2023-08-09T12:07:50+00:00\",\"dateModified\":\"2025-10-12T13:36:37+00:00\",\"breadcrumb\":{\"@id\":\"https:\/\/silvertree.lt\/en\/produktas\/premium-nordman-fir\/#breadcrumb\"},\"inLanguage\":\"en-US\",\"potentialAction\":[{\"@type\":\"ReadAction\",\"target\":[\"https:\/\/silvertree.lt\/en\/produktas\/premium-nordman-fir\/\"]}]},{\"@type\":\"ImageObject\",\"inLanguage\":\"en-US\",\"@id\":\"https:\/\/silvertree.lt\/en\/produktas\/premium-nordman-fir\/#primaryimage\",\"url\":\"https:\/\/silvertree.lt\/wp-content\/uploads\/2023\/08\/160fir.png\",\"contentUrl\":\"https:\/\/silvertree.lt\/wp-content\/uploads\/2023\/08\/160fir.png\",\"width\":829,\"height\":1000},{\"@type\":\"BreadcrumbList\",\"@id\":\"https:\/\/silvertree.lt\/en\/produktas\/premium-nordman-fir\/#breadcrumb\",\"itemListElement\":[{\"@type\":\"ListItem\",\"position\":1,\"name\":\"Home\",\"item\":\"https:\/\/silvertree.lt\/en\/silvertree\/\"},{\"@type\":\"ListItem\",\"position\":2,\"name\":\"Shop\",\"item\":\"https:\/\/silvertree.lt\/en\/shop\/\"},{\"@type\":\"ListItem\",\"position\":3,\"name\":\"Premium Nordman Fir\"}]},{\"@type\":\"WebSite\",\"@id\":\"https:\/\/silvertree.lt\/#website\",\"url\":\"https:\/\/silvertree.lt\/\",\"name\":\"Gyvos Kal\u0117din\u0117s eglut\u0117s internetu | Pristatymas \u012f namus | Kaina, akcija - Silvertree.lt\",\"description\":\"Jaukiausioms 2023m. \u0161vent\u0117ms si\u016blome \u012fsigyti Premium kokyb\u0117s K\u0117n\u012f\u2611\ufe0farba gyv\u0105 lietuvi\u0161k\u0105 eglut\u0119\u2611\ufe0finternetu i\u0161\u23e9Silvertree.lt. Pristatysime ir i\u0161ve\u0161ime NEMOKAMAI pas mus pirktas eglutes. Mes parduodame tik tikras Kal\u0117dines egles u\u017eaugintas ir nukirstas \u016bkiuose!\",\"potentialAction\":[{\"@type\":\"SearchAction\",\"target\":{\"@type\":\"EntryPoint\",\"urlTemplate\":\"https:\/\/silvertree.lt\/?s={search_term_string}\"},\"query-input\":{\"@type\":\"PropertyValueSpecification\",\"valueRequired\":true,\"valueName\":\"search_term_string\"}}],\"inLanguage\":\"en-US\"}]}<\/script>\n<!-- \/ Yoast SEO plugin. -->","yoast_head_json":{"title":"Premium Nordman Fir 160-180cm - Silvertree","robots":{"index":"noindex","follow":"follow"},"og_locale":"en_US","og_type":"article","og_title":"Premium Nordman Fir 160-180cm - Silvertree","og_description":"Danish\u00a0or\u00a0Caucasian fir\u00a0(Latin: Abies nordmanniana)","og_url":"https:\/\/silvertree.lt\/en\/produktas\/premium-nordman-fir\/","og_site_name":"Gyvos Kal\u0117din\u0117s eglut\u0117s internetu | Pristatymas \u012f namus | Kaina, akcija - Silvertree.lt","article_modified_time":"2025-10-12T13:36:37+00:00","og_image":[{"width":829,"height":1000,"url":"https:\/\/silvertree.lt\/wp-content\/uploads\/2023\/08\/160fir.png","type":"image\/png"}],"twitter_card":"summary_large_image","twitter_misc":{"Est. reading time":"1 minute"},"schema":{"@context":"https:\/\/schema.org","@graph":[{"@type":"WebPage","@id":"https:\/\/silvertree.lt\/en\/produktas\/premium-nordman-fir\/","url":"https:\/\/silvertree.lt\/en\/produktas\/premium-nordman-fir\/","name":"Premium Nordman Fir 160-180cm - Silvertree","isPartOf":{"@id":"https:\/\/silvertree.lt\/#website"},"primaryImageOfPage":{"@id":"https:\/\/silvertree.lt\/en\/produktas\/premium-nordman-fir\/#primaryimage"},"image":{"@id":"https:\/\/silvertree.lt\/en\/produktas\/premium-nordman-fir\/#primaryimage"},"thumbnailUrl":"https:\/\/silvertree.lt\/wp-content\/uploads\/2023\/08\/160fir.png","datePublished":"2023-08-09T12:07:50+00:00","dateModified":"2025-10-12T13:36:37+00:00","breadcrumb":{"@id":"https:\/\/silvertree.lt\/en\/produktas\/premium-nordman-fir\/#breadcrumb"},"inLanguage":"en-US","potentialAction":[{"@type":"ReadAction","target":["https:\/\/silvertree.lt\/en\/produktas\/premium-nordman-fir\/"]}]},{"@type":"ImageObject","inLanguage":"en-US","@id":"https:\/\/silvertree.lt\/en\/produktas\/premium-nordman-fir\/#primaryimage","url":"https:\/\/silvertree.lt\/wp-content\/uploads\/2023\/08\/160fir.png","contentUrl":"https:\/\/silvertree.lt\/wp-content\/uploads\/2023\/08\/160fir.png","width":829,"height":1000},{"@type":"BreadcrumbList","@id":"https:\/\/silvertree.lt\/en\/produktas\/premium-nordman-fir\/#breadcrumb","itemListElement":[{"@type":"ListItem","position":1,"name":"Home","item":"https:\/\/silvertree.lt\/en\/silvertree\/"},{"@type":"ListItem","position":2,"name":"Shop","item":"https:\/\/silvertree.lt\/en\/shop\/"},{"@type":"ListItem","position":3,"name":"Premium Nordman Fir"}]},{"@type":"WebSite","@id":"https:\/\/silvertree.lt\/#website","url":"https:\/\/silvertree.lt\/","name":"Gyvos Kal\u0117din\u0117s eglut\u0117s internetu | Pristatymas \u012f namus | Kaina, akcija - Silvertree.lt","description":"Jaukiausioms 2023m. \u0161vent\u0117ms si\u016blome \u012fsigyti Premium kokyb\u0117s K\u0117n\u012f\u2611\ufe0farba gyv\u0105 lietuvi\u0161k\u0105 eglut\u0119\u2611\ufe0finternetu i\u0161\u23e9Silvertree.lt. Pristatysime ir i\u0161ve\u0161ime NEMOKAMAI pas mus pirktas eglutes. Mes parduodame tik tikras Kal\u0117dines egles u\u017eaugintas ir nukirstas \u016bkiuose!","potentialAction":[{"@type":"SearchAction","target":{"@type":"EntryPoint","urlTemplate":"https:\/\/silvertree.lt\/?s={search_term_string}"},"query-input":{"@type":"PropertyValueSpecification","valueRequired":true,"valueName":"search_term_string"}}],"inLanguage":"en-US"}]}},"_links":{"self":[{"href":"https:\/\/silvertree.lt\/en\/wp-json\/wp\/v2\/product\/1253","targetHints":{"allow":["GET"]}}],"collection":[{"href":"https:\/\/silvertree.lt\/en\/wp-json\/wp\/v2\/product"}],"about":[{"href":"https:\/\/silvertree.lt\/en\/wp-json\/wp\/v2\/types\/product"}],"wp:featuredmedia":[{"embeddable":true,"href":"https:\/\/silvertree.lt\/en\/wp-json\/wp\/v2\/media\/1256"}],"wp:attachment":[{"href":"https:\/\/silvertree.lt\/en\/wp-json\/wp\/v2\/media?parent=1253"}],"wp:term":[{"taxonomy":"product_brand","embeddable":true,"href":"https:\/\/silvertree.lt\/en\/wp-json\/wp\/v2\/product_brand?post=1253"},{"taxonomy":"product_cat","embeddable":true,"href":"https:\/\/silvertree.lt\/en\/wp-json\/wp\/v2\/product_cat?post=1253"},{"taxonomy":"product_tag","embeddable":true,"href":"https:\/\/silvertree.lt\/en\/wp-json\/wp\/v2\/product_tag?post=1253"}],"curies":[{"name":"wp","href":"https:\/\/api.w.org\/{rel}","templated":true}]}}