

{"id":1319,"date":"2023-08-14T17:42:46","date_gmt":"2023-08-14T17:42:46","guid":{"rendered":"https:\/\/silvertree.lt\/produktas\/premium-shipping\/"},"modified":"2025-10-12T13:36:13","modified_gmt":"2025-10-12T13:36:13","slug":"premium-shipping","status":"publish","type":"product","link":"https:\/\/silvertree.lt\/en\/produktas\/premium-shipping\/","title":{"rendered":"Express delivery"},"content":{"rendered":"","protected":false},"excerpt":{"rendered":"","protected":false},"featured_media":0,"template":"","meta":{"_acf_changed":false,"inline_featured_image":false},"product_brand":[],"product_cat":[67],"product_tag":[],"class_list":{"0":"post-1319","1":"product","2":"type-product","3":"status-publish","5":"product_cat-eglutes-en","7":"first","8":"instock","9":"virtual","10":"taxable","11":"purchasable","12":"product-type-simple"},"acf":[],"yoast_head":"<!-- This site is optimized with the Yoast SEO plugin v26.1.1 - https:\/\/yoast.com\/wordpress\/plugins\/seo\/ -->\n<title>Express delivery - Silvertree<\/title>\n<meta name=\"robots\" content=\"noindex, follow\" \/>\n<meta property=\"og:locale\" content=\"en_US\" \/>\n<meta property=\"og:type\" content=\"article\" \/>\n<meta property=\"og:title\" content=\"Express delivery - Silvertree\" \/>\n<meta property=\"og:url\" content=\"https:\/\/silvertree.lt\/en\/produktas\/premium-shipping\/\" \/>\n<meta property=\"og:site_name\" content=\"Gyvos Kal\u0117din\u0117s eglut\u0117s internetu | Pristatymas \u012f namus | Kaina, akcija - Silvertree.lt\" \/>\n<meta property=\"article:modified_time\" content=\"2025-10-12T13:36:13+00:00\" \/>\n<meta name=\"twitter:card\" content=\"summary_large_image\" \/>\n<script type=\"application\/ld+json\" class=\"yoast-schema-graph\">{\"@context\":\"https:\/\/schema.org\",\"@graph\":[{\"@type\":\"WebPage\",\"@id\":\"https:\/\/silvertree.lt\/en\/produktas\/premium-shipping\/\",\"url\":\"https:\/\/silvertree.lt\/en\/produktas\/premium-shipping\/\",\"name\":\"Express delivery - Silvertree\",\"isPartOf\":{\"@id\":\"https:\/\/silvertree.lt\/#website\"},\"datePublished\":\"2023-08-14T17:42:46+00:00\",\"dateModified\":\"2025-10-12T13:36:13+00:00\",\"breadcrumb\":{\"@id\":\"https:\/\/silvertree.lt\/en\/produktas\/premium-shipping\/#breadcrumb\"},\"inLanguage\":\"en-US\",\"potentialAction\":[{\"@type\":\"ReadAction\",\"target\":[\"https:\/\/silvertree.lt\/en\/produktas\/premium-shipping\/\"]}]},{\"@type\":\"BreadcrumbList\",\"@id\":\"https:\/\/silvertree.lt\/en\/produktas\/premium-shipping\/#breadcrumb\",\"itemListElement\":[{\"@type\":\"ListItem\",\"position\":1,\"name\":\"Home\",\"item\":\"https:\/\/silvertree.lt\/en\/silvertree\/\"},{\"@type\":\"ListItem\",\"position\":2,\"name\":\"Shop\",\"item\":\"https:\/\/silvertree.lt\/en\/shop\/\"},{\"@type\":\"ListItem\",\"position\":3,\"name\":\"Express delivery\"}]},{\"@type\":\"WebSite\",\"@id\":\"https:\/\/silvertree.lt\/#website\",\"url\":\"https:\/\/silvertree.lt\/\",\"name\":\"Gyvos Kal\u0117din\u0117s eglut\u0117s internetu | Pristatymas \u012f namus | Kaina, akcija - Silvertree.lt\",\"description\":\"Jaukiausioms 2023m. \u0161vent\u0117ms si\u016blome \u012fsigyti Premium kokyb\u0117s K\u0117n\u012f\u2611\ufe0farba gyv\u0105 lietuvi\u0161k\u0105 eglut\u0119\u2611\ufe0finternetu i\u0161\u23e9Silvertree.lt. Pristatysime ir i\u0161ve\u0161ime NEMOKAMAI pas mus pirktas eglutes. Mes parduodame tik tikras Kal\u0117dines egles u\u017eaugintas ir nukirstas \u016bkiuose!\",\"potentialAction\":[{\"@type\":\"SearchAction\",\"target\":{\"@type\":\"EntryPoint\",\"urlTemplate\":\"https:\/\/silvertree.lt\/?s={search_term_string}\"},\"query-input\":{\"@type\":\"PropertyValueSpecification\",\"valueRequired\":true,\"valueName\":\"search_term_string\"}}],\"inLanguage\":\"en-US\"}]}<\/script>\n<!-- \/ Yoast SEO plugin. -->","yoast_head_json":{"title":"Express delivery - Silvertree","robots":{"index":"noindex","follow":"follow"},"og_locale":"en_US","og_type":"article","og_title":"Express delivery - Silvertree","og_url":"https:\/\/silvertree.lt\/en\/produktas\/premium-shipping\/","og_site_name":"Gyvos Kal\u0117din\u0117s eglut\u0117s internetu | Pristatymas \u012f namus | Kaina, akcija - Silvertree.lt","article_modified_time":"2025-10-12T13:36:13+00:00","twitter_card":"summary_large_image","schema":{"@context":"https:\/\/schema.org","@graph":[{"@type":"WebPage","@id":"https:\/\/silvertree.lt\/en\/produktas\/premium-shipping\/","url":"https:\/\/silvertree.lt\/en\/produktas\/premium-shipping\/","name":"Express delivery - Silvertree","isPartOf":{"@id":"https:\/\/silvertree.lt\/#website"},"datePublished":"2023-08-14T17:42:46+00:00","dateModified":"2025-10-12T13:36:13+00:00","breadcrumb":{"@id":"https:\/\/silvertree.lt\/en\/produktas\/premium-shipping\/#breadcrumb"},"inLanguage":"en-US","potentialAction":[{"@type":"ReadAction","target":["https:\/\/silvertree.lt\/en\/produktas\/premium-shipping\/"]}]},{"@type":"BreadcrumbList","@id":"https:\/\/silvertree.lt\/en\/produktas\/premium-shipping\/#breadcrumb","itemListElement":[{"@type":"ListItem","position":1,"name":"Home","item":"https:\/\/silvertree.lt\/en\/silvertree\/"},{"@type":"ListItem","position":2,"name":"Shop","item":"https:\/\/silvertree.lt\/en\/shop\/"},{"@type":"ListItem","position":3,"name":"Express delivery"}]},{"@type":"WebSite","@id":"https:\/\/silvertree.lt\/#website","url":"https:\/\/silvertree.lt\/","name":"Gyvos Kal\u0117din\u0117s eglut\u0117s internetu | Pristatymas \u012f namus | Kaina, akcija - Silvertree.lt","description":"Jaukiausioms 2023m. \u0161vent\u0117ms si\u016blome \u012fsigyti Premium kokyb\u0117s K\u0117n\u012f\u2611\ufe0farba gyv\u0105 lietuvi\u0161k\u0105 eglut\u0119\u2611\ufe0finternetu i\u0161\u23e9Silvertree.lt. Pristatysime ir i\u0161ve\u0161ime NEMOKAMAI pas mus pirktas eglutes. Mes parduodame tik tikras Kal\u0117dines egles u\u017eaugintas ir nukirstas \u016bkiuose!","potentialAction":[{"@type":"SearchAction","target":{"@type":"EntryPoint","urlTemplate":"https:\/\/silvertree.lt\/?s={search_term_string}"},"query-input":{"@type":"PropertyValueSpecification","valueRequired":true,"valueName":"search_term_string"}}],"inLanguage":"en-US"}]}},"_links":{"self":[{"href":"https:\/\/silvertree.lt\/en\/wp-json\/wp\/v2\/product\/1319","targetHints":{"allow":["GET"]}}],"collection":[{"href":"https:\/\/silvertree.lt\/en\/wp-json\/wp\/v2\/product"}],"about":[{"href":"https:\/\/silvertree.lt\/en\/wp-json\/wp\/v2\/types\/product"}],"wp:attachment":[{"href":"https:\/\/silvertree.lt\/en\/wp-json\/wp\/v2\/media?parent=1319"}],"wp:term":[{"taxonomy":"product_brand","embeddable":true,"href":"https:\/\/silvertree.lt\/en\/wp-json\/wp\/v2\/product_brand?post=1319"},{"taxonomy":"product_cat","embeddable":true,"href":"https:\/\/silvertree.lt\/en\/wp-json\/wp\/v2\/product_cat?post=1319"},{"taxonomy":"product_tag","embeddable":true,"href":"https:\/\/silvertree.lt\/en\/wp-json\/wp\/v2\/product_tag?post=1319"}],"curies":[{"name":"wp","href":"https:\/\/api.w.org\/{rel}","templated":true}]}}