

{"id":9327,"date":"2024-10-18T11:38:34","date_gmt":"2024-10-18T11:38:34","guid":{"rendered":"https:\/\/silvertree.lt\/?post_type=product&#038;p=9327"},"modified":"2025-10-12T13:35:02","modified_gmt":"2025-10-12T13:35:02","slug":"gift-card","status":"publish","type":"product","link":"https:\/\/silvertree.lt\/en\/produktas\/gift-card\/","title":{"rendered":"Gift Card"},"content":{"rendered":"<p>Help your employees and colleagues have one less holiday hassle. A Silvertree gift voucher will save time in the search for the perfect Christmas tree!<\/p>\n<p>After ordering the gift voucher, you will receive a digital card with a unique voucher code via email. You can present the digital card electronically or print it on your desired paper. You can enter the unique voucher code on the payment page. If the product you choose costs more than the value of the gift voucher you have, you will need to pay the difference using your preferred method.<\/p>\n<p>We will send the gift voucher to the email address you provide. If you have any questions, please contact: <a rel=\"noopener\">info@silvertree.lt<\/a> or +37063020555<\/p>\n","protected":false},"excerpt":{"rendered":"<p><strong>Gift card<\/strong> \u2013 for your desired Christmas tree<\/p>\n","protected":false},"featured_media":9370,"template":"","meta":{"_acf_changed":false,"inline_featured_image":false},"product_brand":[],"product_cat":[67,86],"product_tag":[],"class_list":{"0":"post-9327","1":"product","2":"type-product","3":"status-publish","4":"has-post-thumbnail","6":"product_cat-eglutes-en","7":"product_cat-stovai-en","9":"first","10":"instock","11":"taxable","12":"shipping-taxable","13":"purchasable","14":"product-type-variable"},"acf":[],"yoast_head":"<!-- This site is optimized with the Yoast SEO plugin v26.1.1 - https:\/\/yoast.com\/wordpress\/plugins\/seo\/ -->\n<title>Gift Card - Gyvos Kal\u0117din\u0117s eglut\u0117s internetu | Pristatymas \u012f namus | Kaina, akcija - Silvertree.lt<\/title>\n<meta name=\"description\" content=\"Help your loved ones and colleagues have one less holiday hassle. A Silvertree gift voucher will save time in the pre-holiday rush!\" \/>\n<meta name=\"robots\" content=\"noindex, follow\" \/>\n<meta property=\"og:locale\" content=\"en_US\" \/>\n<meta property=\"og:type\" content=\"article\" \/>\n<meta property=\"og:title\" content=\"Gift Card - Gyvos Kal\u0117din\u0117s eglut\u0117s internetu | Pristatymas \u012f namus | Kaina, akcija - Silvertree.lt\" \/>\n<meta property=\"og:description\" content=\"Help your loved ones and colleagues have one less holiday hassle. A Silvertree gift voucher will save time in the pre-holiday rush!\" \/>\n<meta property=\"og:url\" content=\"https:\/\/silvertree.lt\/en\/produktas\/gift-card\/\" \/>\n<meta property=\"og:site_name\" content=\"Gyvos Kal\u0117din\u0117s eglut\u0117s internetu | Pristatymas \u012f namus | Kaina, akcija - Silvertree.lt\" \/>\n<meta property=\"article:modified_time\" content=\"2025-10-12T13:35:02+00:00\" \/>\n<meta property=\"og:image\" content=\"https:\/\/silvertree.lt\/wp-content\/uploads\/2024\/10\/Frame-3066-4.png\" \/>\n\t<meta property=\"og:image:width\" content=\"912\" \/>\n\t<meta property=\"og:image:height\" content=\"999\" \/>\n\t<meta property=\"og:image:type\" content=\"image\/png\" \/>\n<meta name=\"twitter:card\" content=\"summary_large_image\" \/>\n<meta name=\"twitter:label1\" content=\"Est. reading time\" \/>\n\t<meta name=\"twitter:data1\" content=\"1 minute\" \/>\n<script type=\"application\/ld+json\" class=\"yoast-schema-graph\">{\"@context\":\"https:\/\/schema.org\",\"@graph\":[{\"@type\":\"WebPage\",\"@id\":\"https:\/\/silvertree.lt\/en\/produktas\/gift-card\/\",\"url\":\"https:\/\/silvertree.lt\/en\/produktas\/gift-card\/\",\"name\":\"Gift Card - Gyvos Kal\u0117din\u0117s eglut\u0117s internetu | Pristatymas \u012f namus | Kaina, akcija - Silvertree.lt\",\"isPartOf\":{\"@id\":\"https:\/\/silvertree.lt\/#website\"},\"primaryImageOfPage\":{\"@id\":\"https:\/\/silvertree.lt\/en\/produktas\/gift-card\/#primaryimage\"},\"image\":{\"@id\":\"https:\/\/silvertree.lt\/en\/produktas\/gift-card\/#primaryimage\"},\"thumbnailUrl\":\"https:\/\/silvertree.lt\/wp-content\/uploads\/2024\/10\/Frame-3066-4.png\",\"datePublished\":\"2024-10-18T11:38:34+00:00\",\"dateModified\":\"2025-10-12T13:35:02+00:00\",\"description\":\"Help your loved ones and colleagues have one less holiday hassle. A Silvertree gift voucher will save time in the pre-holiday rush!\",\"breadcrumb\":{\"@id\":\"https:\/\/silvertree.lt\/en\/produktas\/gift-card\/#breadcrumb\"},\"inLanguage\":\"en-US\",\"potentialAction\":[{\"@type\":\"ReadAction\",\"target\":[\"https:\/\/silvertree.lt\/en\/produktas\/gift-card\/\"]}]},{\"@type\":\"ImageObject\",\"inLanguage\":\"en-US\",\"@id\":\"https:\/\/silvertree.lt\/en\/produktas\/gift-card\/#primaryimage\",\"url\":\"https:\/\/silvertree.lt\/wp-content\/uploads\/2024\/10\/Frame-3066-4.png\",\"contentUrl\":\"https:\/\/silvertree.lt\/wp-content\/uploads\/2024\/10\/Frame-3066-4.png\",\"width\":912,\"height\":999},{\"@type\":\"BreadcrumbList\",\"@id\":\"https:\/\/silvertree.lt\/en\/produktas\/gift-card\/#breadcrumb\",\"itemListElement\":[{\"@type\":\"ListItem\",\"position\":1,\"name\":\"Home\",\"item\":\"https:\/\/silvertree.lt\/en\/silvertree\/\"},{\"@type\":\"ListItem\",\"position\":2,\"name\":\"Shop\",\"item\":\"https:\/\/silvertree.lt\/en\/shop\/\"},{\"@type\":\"ListItem\",\"position\":3,\"name\":\"Gift Card\"}]},{\"@type\":\"WebSite\",\"@id\":\"https:\/\/silvertree.lt\/#website\",\"url\":\"https:\/\/silvertree.lt\/\",\"name\":\"Gyvos Kal\u0117din\u0117s eglut\u0117s internetu | Pristatymas \u012f namus | Kaina, akcija - Silvertree.lt\",\"description\":\"Jaukiausioms 2023m. \u0161vent\u0117ms si\u016blome \u012fsigyti Premium kokyb\u0117s K\u0117n\u012f\u2611\ufe0farba gyv\u0105 lietuvi\u0161k\u0105 eglut\u0119\u2611\ufe0finternetu i\u0161\u23e9Silvertree.lt. Pristatysime ir i\u0161ve\u0161ime NEMOKAMAI pas mus pirktas eglutes. Mes parduodame tik tikras Kal\u0117dines egles u\u017eaugintas ir nukirstas \u016bkiuose!\",\"potentialAction\":[{\"@type\":\"SearchAction\",\"target\":{\"@type\":\"EntryPoint\",\"urlTemplate\":\"https:\/\/silvertree.lt\/?s={search_term_string}\"},\"query-input\":{\"@type\":\"PropertyValueSpecification\",\"valueRequired\":true,\"valueName\":\"search_term_string\"}}],\"inLanguage\":\"en-US\"}]}<\/script>\n<!-- \/ Yoast SEO plugin. -->","yoast_head_json":{"title":"Gift Card - Gyvos Kal\u0117din\u0117s eglut\u0117s internetu | Pristatymas \u012f namus | Kaina, akcija - Silvertree.lt","description":"Help your loved ones and colleagues have one less holiday hassle. A Silvertree gift voucher will save time in the pre-holiday rush!","robots":{"index":"noindex","follow":"follow"},"og_locale":"en_US","og_type":"article","og_title":"Gift Card - Gyvos Kal\u0117din\u0117s eglut\u0117s internetu | Pristatymas \u012f namus | Kaina, akcija - Silvertree.lt","og_description":"Help your loved ones and colleagues have one less holiday hassle. A Silvertree gift voucher will save time in the pre-holiday rush!","og_url":"https:\/\/silvertree.lt\/en\/produktas\/gift-card\/","og_site_name":"Gyvos Kal\u0117din\u0117s eglut\u0117s internetu | Pristatymas \u012f namus | Kaina, akcija - Silvertree.lt","article_modified_time":"2025-10-12T13:35:02+00:00","og_image":[{"width":912,"height":999,"url":"https:\/\/silvertree.lt\/wp-content\/uploads\/2024\/10\/Frame-3066-4.png","type":"image\/png"}],"twitter_card":"summary_large_image","twitter_misc":{"Est. reading time":"1 minute"},"schema":{"@context":"https:\/\/schema.org","@graph":[{"@type":"WebPage","@id":"https:\/\/silvertree.lt\/en\/produktas\/gift-card\/","url":"https:\/\/silvertree.lt\/en\/produktas\/gift-card\/","name":"Gift Card - Gyvos Kal\u0117din\u0117s eglut\u0117s internetu | Pristatymas \u012f namus | Kaina, akcija - Silvertree.lt","isPartOf":{"@id":"https:\/\/silvertree.lt\/#website"},"primaryImageOfPage":{"@id":"https:\/\/silvertree.lt\/en\/produktas\/gift-card\/#primaryimage"},"image":{"@id":"https:\/\/silvertree.lt\/en\/produktas\/gift-card\/#primaryimage"},"thumbnailUrl":"https:\/\/silvertree.lt\/wp-content\/uploads\/2024\/10\/Frame-3066-4.png","datePublished":"2024-10-18T11:38:34+00:00","dateModified":"2025-10-12T13:35:02+00:00","description":"Help your loved ones and colleagues have one less holiday hassle. A Silvertree gift voucher will save time in the pre-holiday rush!","breadcrumb":{"@id":"https:\/\/silvertree.lt\/en\/produktas\/gift-card\/#breadcrumb"},"inLanguage":"en-US","potentialAction":[{"@type":"ReadAction","target":["https:\/\/silvertree.lt\/en\/produktas\/gift-card\/"]}]},{"@type":"ImageObject","inLanguage":"en-US","@id":"https:\/\/silvertree.lt\/en\/produktas\/gift-card\/#primaryimage","url":"https:\/\/silvertree.lt\/wp-content\/uploads\/2024\/10\/Frame-3066-4.png","contentUrl":"https:\/\/silvertree.lt\/wp-content\/uploads\/2024\/10\/Frame-3066-4.png","width":912,"height":999},{"@type":"BreadcrumbList","@id":"https:\/\/silvertree.lt\/en\/produktas\/gift-card\/#breadcrumb","itemListElement":[{"@type":"ListItem","position":1,"name":"Home","item":"https:\/\/silvertree.lt\/en\/silvertree\/"},{"@type":"ListItem","position":2,"name":"Shop","item":"https:\/\/silvertree.lt\/en\/shop\/"},{"@type":"ListItem","position":3,"name":"Gift Card"}]},{"@type":"WebSite","@id":"https:\/\/silvertree.lt\/#website","url":"https:\/\/silvertree.lt\/","name":"Gyvos Kal\u0117din\u0117s eglut\u0117s internetu | Pristatymas \u012f namus | Kaina, akcija - Silvertree.lt","description":"Jaukiausioms 2023m. \u0161vent\u0117ms si\u016blome \u012fsigyti Premium kokyb\u0117s K\u0117n\u012f\u2611\ufe0farba gyv\u0105 lietuvi\u0161k\u0105 eglut\u0119\u2611\ufe0finternetu i\u0161\u23e9Silvertree.lt. Pristatysime ir i\u0161ve\u0161ime NEMOKAMAI pas mus pirktas eglutes. Mes parduodame tik tikras Kal\u0117dines egles u\u017eaugintas ir nukirstas \u016bkiuose!","potentialAction":[{"@type":"SearchAction","target":{"@type":"EntryPoint","urlTemplate":"https:\/\/silvertree.lt\/?s={search_term_string}"},"query-input":{"@type":"PropertyValueSpecification","valueRequired":true,"valueName":"search_term_string"}}],"inLanguage":"en-US"}]}},"_links":{"self":[{"href":"https:\/\/silvertree.lt\/en\/wp-json\/wp\/v2\/product\/9327","targetHints":{"allow":["GET"]}}],"collection":[{"href":"https:\/\/silvertree.lt\/en\/wp-json\/wp\/v2\/product"}],"about":[{"href":"https:\/\/silvertree.lt\/en\/wp-json\/wp\/v2\/types\/product"}],"wp:featuredmedia":[{"embeddable":true,"href":"https:\/\/silvertree.lt\/en\/wp-json\/wp\/v2\/media\/9370"}],"wp:attachment":[{"href":"https:\/\/silvertree.lt\/en\/wp-json\/wp\/v2\/media?parent=9327"}],"wp:term":[{"taxonomy":"product_brand","embeddable":true,"href":"https:\/\/silvertree.lt\/en\/wp-json\/wp\/v2\/product_brand?post=9327"},{"taxonomy":"product_cat","embeddable":true,"href":"https:\/\/silvertree.lt\/en\/wp-json\/wp\/v2\/product_cat?post=9327"},{"taxonomy":"product_tag","embeddable":true,"href":"https:\/\/silvertree.lt\/en\/wp-json\/wp\/v2\/product_tag?post=9327"}],"curies":[{"name":"wp","href":"https:\/\/api.w.org\/{rel}","templated":true}]}}